{"id":209,"date":"2026-05-12T11:27:43","date_gmt":"2026-05-12T11:27:43","guid":{"rendered":"https:\/\/www.joostech.es\/?post_type=product&#038;p=209"},"modified":"2026-05-12T11:30:56","modified_gmt":"2026-05-12T11:30:56","slug":"cribado-neuropsicologico","status":"publish","type":"product","link":"https:\/\/www.joostech.es\/en\/product\/cribado-neuropsicologico\/","title":{"rendered":"Neuropsychological screening"},"content":{"rendered":"<p>El Cribado Neuropsicol\u00f3gico de Joostech es una evaluaci\u00f3n breve y eficaz<br \/>\ndise\u00f1ada para detectar de forma r\u00e1pida posibles alteraciones cognitivas,<br \/>\natencionales o emocionales. Es el primer paso recomendado cuando existe<br \/>\nuna sospecha y se quiere valorar si conviene profundizar con una<br \/>\nevaluaci\u00f3n neuropsicodiagn\u00f3stica completa.<\/p>\n<p>\u00bfQu\u00e9 incluye?<br \/>\n&#8211; Entrevista cl\u00ednica breve.<br \/>\n&#8211; Aplicaci\u00f3n de pruebas de cribado validadas.<br \/>\n&#8211; Informe orientativo con resultados y recomendaciones.<br \/>\n&#8211; Indicaci\u00f3n de si procede una evaluaci\u00f3n completa o un programa<br \/>\n  de entrenamiento espec\u00edfico.<\/p>\n<p>Duraci\u00f3n estimada: [X] minutos en una \u00fanica sesi\u00f3n.<br \/>\nModalidad: [presencial \/ online].<br \/>\nDirigido a: [edades, perfiles].<\/p>\n","protected":false},"excerpt":{"rendered":"<p>Evaluaci\u00f3n breve para detectar de forma temprana posibles alteraciones<br \/>\ncognitivas o emocionales. Incluye informe orientativo y recomendaciones.<\/p>","protected":false},"featured_media":0,"comment_status":"open","ping_status":"closed","template":"","meta":[],"product_brand":[],"product_cat":[29],"product_tag":[],"class_list":{"0":"post-209","1":"product","2":"type-product","3":"status-publish","5":"product_cat-diagnostico","7":"first","8":"instock","9":"virtual","10":"purchasable","11":"product-type-simple"},"jetpack_sharing_enabled":true,"_links":{"self":[{"href":"https:\/\/www.joostech.es\/en\/wp-json\/wp\/v2\/product\/209","targetHints":{"allow":["GET"]}}],"collection":[{"href":"https:\/\/www.joostech.es\/en\/wp-json\/wp\/v2\/product"}],"about":[{"href":"https:\/\/www.joostech.es\/en\/wp-json\/wp\/v2\/types\/product"}],"replies":[{"embeddable":true,"href":"https:\/\/www.joostech.es\/en\/wp-json\/wp\/v2\/comments?post=209"}],"wp:attachment":[{"href":"https:\/\/www.joostech.es\/en\/wp-json\/wp\/v2\/media?parent=209"}],"wp:term":[{"taxonomy":"product_brand","embeddable":true,"href":"https:\/\/www.joostech.es\/en\/wp-json\/wp\/v2\/product_brand?post=209"},{"taxonomy":"product_cat","embeddable":true,"href":"https:\/\/www.joostech.es\/en\/wp-json\/wp\/v2\/product_cat?post=209"},{"taxonomy":"product_tag","embeddable":true,"href":"https:\/\/www.joostech.es\/en\/wp-json\/wp\/v2\/product_tag?post=209"}],"curies":[{"name":"wp","href":"https:\/\/api.w.org\/{rel}","templated":true}]}}