{"id":211,"date":"2026-05-12T11:31:45","date_gmt":"2026-05-12T11:31:45","guid":{"rendered":"https:\/\/www.joostech.es\/?post_type=product&#038;p=211"},"modified":"2026-05-12T11:31:45","modified_gmt":"2026-05-12T11:31:45","slug":"programa-booster","status":"publish","type":"product","link":"https:\/\/www.joostech.es\/en\/product\/programa-booster\/","title":{"rendered":"Booster Program"},"content":{"rendered":"<p>Booster es el programa intensivo de entrenamiento cognitivo de Joostech,<br \/>\ndise\u00f1ado para potenciar al m\u00e1ximo las capacidades mentales en periodos<br \/>\nconcentrados de trabajo. Ideal para quienes buscan resultados r\u00e1pidos<br \/>\ny un impulso significativo en su rendimiento cognitivo.<\/p>\n<p>\u00bfQu\u00e9 incluye?<br \/>\n&#8211; Acceso al programa intensivo durante [X semanas].<br \/>\n&#8211; Sesiones de alta intensidad enfocadas en [\u00e1reas concretas].<br \/>\n&#8211; M\u00e9tricas de progreso y comparativas pre\/post intervenci\u00f3n.<br \/>\n&#8211; [Acompa\u00f1amiento profesional \/ sesiones de seguimiento, si aplica].<\/p>\n<p>\u00c1reas que entrena: [especificar].<br \/>\nDirigido a: [perfiles que se beneficiar\u00edan m\u00e1s: estudiantes en periodos<br \/>\nde ex\u00e1menes, profesionales en momentos clave, recuperaci\u00f3n post-evaluaci\u00f3n,<br \/>\netc.].<br \/>\nModalidad: [online \/ presencial \/ mixta].<br \/>\nDuraci\u00f3n del programa: [X semanas].<\/p>\n","protected":false},"excerpt":{"rendered":"<p>Programa intensivo para potenciar al m\u00e1ximo el rendimiento cognitivo<br \/>\nen periodos concentrados. Resultados r\u00e1pidos y medibles con seguimiento<br \/>\nprofesional.<\/p>","protected":false},"featured_media":0,"comment_status":"open","ping_status":"closed","template":"","meta":[],"product_brand":[],"product_cat":[30],"product_tag":[],"class_list":{"0":"post-211","1":"product","2":"type-product","3":"status-publish","5":"product_cat-programas-de-entrenamiento","7":"first","8":"instock","9":"downloadable","10":"virtual","11":"purchasable","12":"product-type-simple"},"jetpack_sharing_enabled":true,"_links":{"self":[{"href":"https:\/\/www.joostech.es\/en\/wp-json\/wp\/v2\/product\/211","targetHints":{"allow":["GET"]}}],"collection":[{"href":"https:\/\/www.joostech.es\/en\/wp-json\/wp\/v2\/product"}],"about":[{"href":"https:\/\/www.joostech.es\/en\/wp-json\/wp\/v2\/types\/product"}],"replies":[{"embeddable":true,"href":"https:\/\/www.joostech.es\/en\/wp-json\/wp\/v2\/comments?post=211"}],"wp:attachment":[{"href":"https:\/\/www.joostech.es\/en\/wp-json\/wp\/v2\/media?parent=211"}],"wp:term":[{"taxonomy":"product_brand","embeddable":true,"href":"https:\/\/www.joostech.es\/en\/wp-json\/wp\/v2\/product_brand?post=211"},{"taxonomy":"product_cat","embeddable":true,"href":"https:\/\/www.joostech.es\/en\/wp-json\/wp\/v2\/product_cat?post=211"},{"taxonomy":"product_tag","embeddable":true,"href":"https:\/\/www.joostech.es\/en\/wp-json\/wp\/v2\/product_tag?post=211"}],"curies":[{"name":"wp","href":"https:\/\/api.w.org\/{rel}","templated":true}]}}