{"id":212,"date":"2026-05-12T11:32:30","date_gmt":"2026-05-12T11:32:30","guid":{"rendered":"https:\/\/www.joostech.es\/?post_type=product&#038;p=212"},"modified":"2026-05-12T11:32:30","modified_gmt":"2026-05-12T11:32:30","slug":"programa-positivra","status":"publish","type":"product","link":"https:\/\/www.joostech.es\/en\/product\/programa-positivra\/","title":{"rendered":"PositiVRa Program"},"content":{"rendered":"<p> Positivra es el programa de Joostech orientado al bienestar emocional y<br \/>\nal fortalecimiento de los recursos psicol\u00f3gicos positivos. Combina<br \/>\nherramientas de psicolog\u00eda positiva, regulaci\u00f3n emocional y mindfulness<br \/>\npara mejorar el estado de \u00e1nimo, la resiliencia y la satisfacci\u00f3n vital.<\/p>\n<p>\u00bfQu\u00e9 incluye?<br \/>\n&#8211; Acceso al programa durante [X semanas].<br \/>\n&#8211; [X] m\u00f3dulos estructurados sobre [emociones, fortalezas personales,<br \/>\n  h\u00e1bitos saludables, regulaci\u00f3n, prop\u00f3sito vital&#8230;].<br \/>\n&#8211; Ejercicios pr\u00e1cticos diarios o semanales.<br \/>\n&#8211; [Acompa\u00f1amiento profesional \/ sesiones de devoluci\u00f3n, si aplica].<\/p>\n<p>\u00c1reas que trabaja: bienestar emocional, regulaci\u00f3n, autoestima,<br \/>\nfortalezas personales, [a\u00f1adir lo que aplique].<br \/>\nDirigido a: [perfiles que se beneficiar\u00edan m\u00e1s].<br \/>\nModalidad: [online \/ presencial \/ mixta].<br \/>\nDuraci\u00f3n del programa: [X semanas].<\/p>\n","protected":false},"excerpt":{"rendered":"<p>Programa de bienestar emocional basado en psicolog\u00eda positiva y<br \/>\nregulaci\u00f3n emocional. Mejora el estado de \u00e1nimo, la resiliencia y la<br \/>\nsatisfacci\u00f3n vital.<\/p>","protected":false},"featured_media":0,"comment_status":"open","ping_status":"closed","template":"","meta":[],"product_brand":[],"product_cat":[30],"product_tag":[],"class_list":{"0":"post-212","1":"product","2":"type-product","3":"status-publish","5":"product_cat-programas-de-entrenamiento","7":"first","8":"instock","9":"downloadable","10":"virtual","11":"purchasable","12":"product-type-simple"},"jetpack_sharing_enabled":true,"_links":{"self":[{"href":"https:\/\/www.joostech.es\/en\/wp-json\/wp\/v2\/product\/212","targetHints":{"allow":["GET"]}}],"collection":[{"href":"https:\/\/www.joostech.es\/en\/wp-json\/wp\/v2\/product"}],"about":[{"href":"https:\/\/www.joostech.es\/en\/wp-json\/wp\/v2\/types\/product"}],"replies":[{"embeddable":true,"href":"https:\/\/www.joostech.es\/en\/wp-json\/wp\/v2\/comments?post=212"}],"wp:attachment":[{"href":"https:\/\/www.joostech.es\/en\/wp-json\/wp\/v2\/media?parent=212"}],"wp:term":[{"taxonomy":"product_brand","embeddable":true,"href":"https:\/\/www.joostech.es\/en\/wp-json\/wp\/v2\/product_brand?post=212"},{"taxonomy":"product_cat","embeddable":true,"href":"https:\/\/www.joostech.es\/en\/wp-json\/wp\/v2\/product_cat?post=212"},{"taxonomy":"product_tag","embeddable":true,"href":"https:\/\/www.joostech.es\/en\/wp-json\/wp\/v2\/product_tag?post=212"}],"curies":[{"name":"wp","href":"https:\/\/api.w.org\/{rel}","templated":true}]}}